{"id":2,"date":"2025-12-05T16:04:20","date_gmt":"2025-12-05T16:04:20","guid":{"rendered":"http:\/\/ayutiaf.cluster100.hosting.ovh.net\/?page_id=2"},"modified":"2026-04-07T10:05:35","modified_gmt":"2026-04-07T10:05:35","slug":"site-en-reconstruction","status":"publish","type":"page","link":"https:\/\/www.assdesas.fr\/","title":{"rendered":"Qui sommes-nous ?"},"content":{"rendered":"\n<p>Site en cours de construction: des \u00e9l\u00e9ments peuvent \u00e0 ce jour \u00eatre manquants (logos des partenaires, &#8230;.)<\/p>\n\n\n\n<h2 class=\"wp-block-heading has-x-large-font-size\"><strong>Agir pour et avec les personnes autistes<\/strong><\/h2>\n\n\n\n<pre class=\"wp-block-code\"><code><\/code><\/pre>\n\n\n\n<p>Cr\u00e9\u00e9e en 2007 par des parents, l\u2019ASS des AS\u2019 est une association reconnue d\u2019int\u00e9r\u00eat g\u00e9n\u00e9ral, engag\u00e9e pour am\u00e9liorer la vie des personnes avec Trouble du Spectre de l\u2019Autisme (TSA) sans d\u00e9ficience intellectuelle anciennement d\u00e9sign\u00e9 sous le terme \u201csyndrome d\u2019<span lang=\"de\">Asperger<\/span>\u201d.&nbsp;&nbsp;&nbsp;&nbsp;&nbsp;&nbsp;&nbsp;&nbsp;&nbsp;&nbsp;&nbsp;&nbsp;<br>Bas\u00e9e en Hauts-de-France, active dans tout le Nord\u2013Pas-de-Calais, elle rassemble des personnes concern\u00e9es, des familles, des professionnels et des partenaires mobilis\u00e9s autour d\u2019un m\u00eame objectif : favoriser l\u2019inclusion, l\u2019autonomie et la reconnaissance des personnes autistes.<\/p>\n\n\n\n<p class=\"has-medium-font-size\">L\u2019association s\u2019inscrit dans une d\u00e9marche de <strong>militantisme constructif<\/strong>, en lien \u00e9troit avec les acteurs r\u00e9gionaux de l\u2019autisme, et est membre de <strong>l\u2019Alliance nationale des 4A<\/strong>.<\/p>\n\n\n\n<h2 class=\"wp-block-heading\" style=\"font-size:25px\"><strong>L\u2019ASS des AS\u2019 en quelques chiffres<\/strong><\/h2>\n\n\n\n<ul class=\"wp-block-list\">\n<li class=\"has-medium-font-size\"><strong>18 administrateurs<\/strong>, dont <strong>3 personnes <em>TSA<\/em><\/strong><\/li>\n\n\n\n<li class=\"has-medium-font-size\"><strong>6 salari\u00e9s<\/strong><\/li>\n\n\n\n<li class=\"has-medium-font-size\"><strong>300 adh\u00e9rents<\/strong><\/li>\n\n\n\n<li class=\"has-medium-font-size\"><strong>13 groupes d\u2019habilet\u00e9s sociales<\/strong> <strong>(GHS)<\/strong>, anim\u00e9s par <strong>5 <em>professionnels<\/em>, Psychologues et Educateurs (trices) form\u00e9s(\u00e9es)<\/strong><\/li>\n\n\n\n<li class=\"has-medium-font-size\"><strong>2 groupes d\u2019interactions sociales<\/strong> <strong>(GIS)<\/strong><\/li>\n\n\n\n<li class=\"has-medium-font-size\"><strong>5 groupes de parole<\/strong> <strong>(GDP)<\/strong> pour parents et proches aidants<\/li>\n\n\n\n<li class=\"has-medium-font-size\"><strong>1 habitat inclusif : La Cit\u00e9 Anatole<\/strong>, \u00e0 Anzin (pr\u00e8s de Valenciennes), comprenant <strong>16 logements<\/strong>\n<ul class=\"wp-block-list\">\n<li>14 destin\u00e9s \u00e0 des personnes TSA<\/li>\n\n\n\n<li>2 r\u00e9serv\u00e9s \u00e0 des \u00e9tudiants<\/li>\n<\/ul>\n<\/li>\n<\/ul>\n\n\n\n<h2 class=\"wp-block-heading\" style=\"font-size:25px\"><strong>Nos actions<\/strong><\/h2>\n\n\n\n<p class=\"has-medium-font-size\">L\u2019ASS des AS\u2019 d\u00e9veloppe des dispositifs concrets pour r\u00e9pondre aux besoins des personnes autistes et de leurs familles :<\/p>\n\n\n\n<ul class=\"wp-block-list\">\n<li class=\"has-medium-font-size\"><strong>Groupes d\u2019Habilet\u00e9s Sociales (GHS)<\/strong><\/li>\n\n\n\n<li class=\"has-medium-font-size\"><strong>Groupes d\u2019Insertion Sociale (GIS)<\/strong><\/li>\n\n\n\n<li class=\"has-medium-font-size\"><strong>Groupes de Parole<\/strong> pour parents et proches aidants<\/li>\n\n\n\n<li class=\"has-medium-font-size\"><strong>Permanences d\u2019\u00e9coute et d\u2019orientation<\/strong><\/li>\n\n\n\n<li class=\"has-medium-font-size\"><strong>Habitat inclusif \u2013 La Cit\u00e9 Anatole<\/strong> \u00e0 Anzin<\/li>\n<\/ul>\n\n\n\n<p class=\"has-medium-font-size\">Ces actions sont port\u00e9es par une \u00e9quipe engag\u00e9e, form\u00e9e et attentive aux besoins sp\u00e9cifiques des personnes TSA.<\/p>\n\n\n\n<h2 class=\"wp-block-heading\" style=\"font-size:25px\"><strong>Nos objectifs<\/strong><\/h2>\n\n\n\n<ul class=\"wp-block-list\">\n<li style=\"font-size:20px\">Faire conna\u00eetre et reconna\u00eetre le <strong>Trouble du Spectre de l\u2019Autisme (TSA) sans d\u00e9ficience intellectuelle<\/strong>, anciennement d\u00e9sign\u00e9 sous le terme \u201csyndrome d\u2019Asperger\u201d<\/li>\n\n\n\n<li style=\"font-size:20px\">Offrir un <strong>lieu d\u2019\u00e9changes<\/strong> entre personnes concern\u00e9es, familles et professionnels<\/li>\n\n\n\n<li style=\"font-size:20px\">Impulser et soutenir la cr\u00e9ation de <strong>r\u00e9seaux de diagnostic et d\u2019accompagnement<\/strong><\/li>\n\n\n\n<li style=\"font-size:20px\"><strong>Repr\u00e9senter et d\u00e9fendre<\/strong> les int\u00e9r\u00eats des adh\u00e9rents aupr\u00e8s des institutions<\/li>\n\n\n\n<li style=\"font-size:20px\">Favoriser un <strong>accompagnement adapt\u00e9<\/strong> tout au long de la vie : scolaire, \u00e9tudiante, professionnelle et sociale<\/li>\n<\/ul>\n\n\n\n<h2 class=\"wp-block-heading\" style=\"font-size:25px\"><strong>Et notre lien avec le GEMsA<\/strong><\/h2>\n\n\n\n<p style=\"font-size:20px\">Le <strong>GEMsA \u2013 Groupe d\u2019Entraide Mutuelle sp\u00e9cialis\u00e9 Autisme<\/strong> est une <strong>association ind\u00e9pendante<\/strong>, port\u00e9e par et pour des personnes autistes.&nbsp;<br>Il propose un espace d\u2019accueil, d\u2019activit\u00e9s, de pair-aidance et de socialisation.<\/p>\n\n\n\n<p class=\"has-medium-font-size\">&nbsp;<strong>L\u2019ASS des AS\u2019 est l\u2019association gestionnaire du GEMsA.&nbsp;&nbsp;&nbsp;<\/strong><br>Cela signifie que nous assurons :<\/p>\n\n\n\n<ul class=\"wp-block-list\">\n<li class=\"has-medium-font-size\">La gestion administrative et financi\u00e8re,<\/li>\n\n\n\n<li class=\"has-medium-font-size\">L\u2019accompagnement du projet associatif,<\/li>\n\n\n\n<li class=\"has-medium-font-size\">La coordination avec les partenaires institutionnels. (ARS, CRA, &#8230;.)<\/li>\n<\/ul>\n\n\n\n<p class=\"has-medium-font-size\">M\u00eame si le GEMsA poss\u00e8de sa propre identit\u00e9 et son propre fonctionnement d\u00e9mocratique, <strong>nous partageons le m\u00eame site internet<\/strong> afin de faciliter l\u2019acc\u00e8s \u00e0 l\u2019information et de renforcer la coh\u00e9rence de nos actions.<\/p>\n\n\n\n<h2 class=\"wp-block-heading has-text-align-center\" style=\"font-size:20px\"><strong> l&rsquo;Equipe salari\u00e9e<\/strong><\/h2>\n\n\n<div class=\"wp-block-image is-style-rounded\">\n<figure class=\"aligncenter size-large is-resized\"><img loading=\"lazy\" decoding=\"async\" width=\"1024\" height=\"801\" src=\"https:\/\/www.assdesas.fr\/wp-content\/uploads\/2026\/01\/Equipe-Ass-des-As-1024x801.jpg\" alt=\"\" class=\"wp-image-345\" style=\"width:500px\" srcset=\"https:\/\/www.assdesas.fr\/wp-content\/uploads\/2026\/01\/Equipe-Ass-des-As-1024x801.jpg 1024w, https:\/\/www.assdesas.fr\/wp-content\/uploads\/2026\/01\/Equipe-Ass-des-As-300x235.jpg 300w, https:\/\/www.assdesas.fr\/wp-content\/uploads\/2026\/01\/Equipe-Ass-des-As-768x600.jpg 768w, https:\/\/www.assdesas.fr\/wp-content\/uploads\/2026\/01\/Equipe-Ass-des-As-1536x1201.jpg 1536w, https:\/\/www.assdesas.fr\/wp-content\/uploads\/2026\/01\/Equipe-Ass-des-As.jpg 1705w\" sizes=\"auto, (max-width: 1024px) 100vw, 1024px\" \/><\/figure>\n<\/div>\n\n\n<figure class=\"wp-block-gallery has-nested-images columns-default is-cropped wp-block-gallery-1 is-layout-flex wp-block-gallery-is-layout-flex\"><\/figure>\n\n\n\n<figure class=\"wp-block-gallery has-nested-images columns-default is-cropped wp-block-gallery-2 is-layout-flex wp-block-gallery-is-layout-flex\"><\/figure>\n\n\n\n<p><\/p>\n","protected":false},"excerpt":{"rendered":"<p>Site en cours de construction: des \u00e9l\u00e9ments peuvent \u00e0 ce jour \u00eatre manquants (logos des partenaires, &#8230;.) Agir pour et avec les personnes autistes Cr\u00e9\u00e9e en 2007 par des parents, l\u2019ASS des AS\u2019 est une&hellip;<\/p>\n","protected":false},"author":1,"featured_media":0,"parent":0,"menu_order":0,"comment_status":"closed","ping_status":"open","template":"","meta":{"footnotes":""},"class_list":["post-2","page","type-page","status-publish","hentry"],"_links":{"self":[{"href":"https:\/\/www.assdesas.fr\/wp-json\/wp\/v2\/pages\/2","targetHints":{"allow":["GET"]}}],"collection":[{"href":"https:\/\/www.assdesas.fr\/wp-json\/wp\/v2\/pages"}],"about":[{"href":"https:\/\/www.assdesas.fr\/wp-json\/wp\/v2\/types\/page"}],"author":[{"embeddable":true,"href":"https:\/\/www.assdesas.fr\/wp-json\/wp\/v2\/users\/1"}],"replies":[{"embeddable":true,"href":"https:\/\/www.assdesas.fr\/wp-json\/wp\/v2\/comments?post=2"}],"version-history":[{"count":38,"href":"https:\/\/www.assdesas.fr\/wp-json\/wp\/v2\/pages\/2\/revisions"}],"predecessor-version":[{"id":666,"href":"https:\/\/www.assdesas.fr\/wp-json\/wp\/v2\/pages\/2\/revisions\/666"}],"wp:attachment":[{"href":"https:\/\/www.assdesas.fr\/wp-json\/wp\/v2\/media?parent=2"}],"curies":[{"name":"wp","href":"https:\/\/api.w.org\/{rel}","templated":true}]}}