{"id":25,"date":"2025-12-19T13:18:42","date_gmt":"2025-12-19T13:18:42","guid":{"rendered":"https:\/\/ayutiaf.cluster100.hosting.ovh.net\/?page_id=25"},"modified":"2026-01-29T15:34:18","modified_gmt":"2026-01-29T15:34:18","slug":"adhesion-don","status":"publish","type":"page","link":"https:\/\/www.assdesas.fr\/adhesion-don\/","title":{"rendered":"Adh\u00e9sion \/ Don"},"content":{"rendered":"\n<div class=\"wp-block-columns are-vertically-aligned-center is-layout-flex wp-container-core-columns-is-layout-9d6595d7 wp-block-columns-is-layout-flex\">\n<div class=\"wp-block-column is-vertically-aligned-center is-layout-flow wp-block-column-is-layout-flow\" style=\"flex-basis:33.34%\">\n<p class=\"has-text-align-center\"><strong>Vous souhaitez b\u00e9n\u00e9ficier des activit\u00e9s et vous tenir inform\u00e9 des actualit\u00e9s de l\u2019ASS des AS\u2019 ?<\/strong><\/p>\n\n\n\n<p class=\"has-text-align-center\"><strong>Adh\u00e9rez en quelques clics !<\/strong><\/p>\n\n\n\n<figure class=\"wp-block-image size-large is-resized is-style-rounded\"><a href=\"https:\/\/www.helloasso.com\/associations\/association-des-aspergers-du-nord-pas-de-calais-l-ass-des-as\/adhesions\/adhesion-2026\"><img loading=\"lazy\" decoding=\"async\" width=\"772\" height=\"144\" src=\"https:\/\/ayutiaf.cluster100.hosting.ovh.net\/wp-content\/uploads\/2025\/12\/Capture-decran-2021-12-09-a-17.28.19.png\" alt=\"\" class=\"wp-image-75\" style=\"width:346px;height:auto\" srcset=\"https:\/\/www.assdesas.fr\/wp-content\/uploads\/2025\/12\/Capture-decran-2021-12-09-a-17.28.19.png 772w, https:\/\/www.assdesas.fr\/wp-content\/uploads\/2025\/12\/Capture-decran-2021-12-09-a-17.28.19-300x56.png 300w, https:\/\/www.assdesas.fr\/wp-content\/uploads\/2025\/12\/Capture-decran-2021-12-09-a-17.28.19-768x143.png 768w\" sizes=\"auto, (max-width: 772px) 100vw, 772px\" \/><\/a><\/figure>\n<\/div>\n\n\n\n<div class=\"wp-block-column is-vertically-aligned-center is-layout-flow wp-block-column-is-layout-flow\" style=\"flex-basis:28%\">\n<p class=\"has-text-align-center\"><\/p>\n<\/div>\n\n\n\n<div class=\"wp-block-column is-layout-flow wp-block-column-is-layout-flow\" style=\"flex-basis:33.33%\">\n<p class=\"has-text-align-center\"><strong>Vous souhaitez contribuer au d\u00e9veloppement de l\u2019ASS des AS\u2019 ?<\/strong><\/p>\n\n\n\n<p class=\"has-text-align-center\"><strong>Faites un don ici!<\/strong><\/p>\n\n\n\n<figure class=\"wp-block-image size-large is-resized is-style-rounded\"><a href=\"https:\/\/www.helloasso.com\/associations\/association-des-aspergers-du-nord-pas-de-calais-l-ass-des-as\/formulaires\/5\"><img loading=\"lazy\" decoding=\"async\" width=\"774\" height=\"144\" src=\"https:\/\/ayutiaf.cluster100.hosting.ovh.net\/wp-content\/uploads\/2025\/12\/Capture-decran-2021-12-09-a-17.28.22.png\" alt=\"\" class=\"wp-image-77\" style=\"width:345px;height:auto\" srcset=\"https:\/\/www.assdesas.fr\/wp-content\/uploads\/2025\/12\/Capture-decran-2021-12-09-a-17.28.22.png 774w, https:\/\/www.assdesas.fr\/wp-content\/uploads\/2025\/12\/Capture-decran-2021-12-09-a-17.28.22-300x56.png 300w, https:\/\/www.assdesas.fr\/wp-content\/uploads\/2025\/12\/Capture-decran-2021-12-09-a-17.28.22-768x143.png 768w\" sizes=\"auto, (max-width: 774px) 100vw, 774px\" \/><\/a><\/figure>\n<\/div>\n<\/div>\n\n\n\n<div class=\"wp-block-columns is-layout-flex wp-container-core-columns-is-layout-9d6595d7 wp-block-columns-is-layout-flex\">\n<div class=\"wp-block-column is-layout-flow wp-block-column-is-layout-flow\" style=\"flex-basis:100%\">\n<div style=\"height:59px\" aria-hidden=\"true\" class=\"wp-block-spacer\"><\/div>\n<\/div>\n<\/div>\n\n\n\n<p><\/p>\n","protected":false},"excerpt":{"rendered":"<p>Vous souhaitez b\u00e9n\u00e9ficier des activit\u00e9s et vous tenir inform\u00e9 des actualit\u00e9s de l\u2019ASS des AS\u2019 ? Adh\u00e9rez en quelques clics ! Vous souhaitez contribuer au d\u00e9veloppement de l\u2019ASS des AS\u2019 ? Faites un don ici!<\/p>\n","protected":false},"author":2,"featured_media":0,"parent":0,"menu_order":0,"comment_status":"closed","ping_status":"closed","template":"template-parts\/template-no-sidebar.php","meta":{"footnotes":""},"class_list":["post-25","page","type-page","status-publish","hentry"],"_links":{"self":[{"href":"https:\/\/www.assdesas.fr\/wp-json\/wp\/v2\/pages\/25","targetHints":{"allow":["GET"]}}],"collection":[{"href":"https:\/\/www.assdesas.fr\/wp-json\/wp\/v2\/pages"}],"about":[{"href":"https:\/\/www.assdesas.fr\/wp-json\/wp\/v2\/types\/page"}],"author":[{"embeddable":true,"href":"https:\/\/www.assdesas.fr\/wp-json\/wp\/v2\/users\/2"}],"replies":[{"embeddable":true,"href":"https:\/\/www.assdesas.fr\/wp-json\/wp\/v2\/comments?post=25"}],"version-history":[{"count":30,"href":"https:\/\/www.assdesas.fr\/wp-json\/wp\/v2\/pages\/25\/revisions"}],"predecessor-version":[{"id":578,"href":"https:\/\/www.assdesas.fr\/wp-json\/wp\/v2\/pages\/25\/revisions\/578"}],"wp:attachment":[{"href":"https:\/\/www.assdesas.fr\/wp-json\/wp\/v2\/media?parent=25"}],"curies":[{"name":"wp","href":"https:\/\/api.w.org\/{rel}","templated":true}]}}