{"id":44,"date":"2025-12-19T13:25:29","date_gmt":"2025-12-19T13:25:29","guid":{"rendered":"https:\/\/ayutiaf.cluster100.hosting.ovh.net\/?page_id=44"},"modified":"2026-04-07T10:04:01","modified_gmt":"2026-04-07T10:04:01","slug":"nous-contacter","status":"publish","type":"page","link":"https:\/\/www.assdesas.fr\/nous-contacter\/","title":{"rendered":"Nous contacter"},"content":{"rendered":"\n<figure class=\"wp-block-table\"><table class=\"has-fixed-layout\"><tbody><tr><td class=\"has-text-align-center\" data-align=\"center\"><strong>Pour contacter L\u2019ASS des AS\u2019<\/strong><\/td><td class=\"has-text-align-center\" data-align=\"center\"><strong>Pour contacter le GEMsA<\/strong><\/td><\/tr><tr><td class=\"has-text-align-center\" data-align=\"center\">ass.des.as@gmail.com<br>06.36.62.91.08<\/td><td class=\"has-text-align-center\" data-align=\"center\">gemsa.contact@gmail.com<br>H\u00e9l\u00e8ne Kowalkowski 07.49.23.51.49<br>Cl\u00e9mence Chardon 07.66.91.14.76<\/td><\/tr><\/tbody><\/table><\/figure>\n\n\n\n<div style=\"height:39px\" aria-hidden=\"true\" class=\"wp-block-spacer\"><\/div>\n\n\n\n<h2 class=\"wp-block-heading has-text-align-center\"><strong>Adresse postale GEMsA et bureau de l&rsquo;Ass des As :<\/strong><\/h2>\n\n\n\n<p class=\"has-text-align-center\"><strong>13, place Philippe Lebon<br>59000 Lille<\/strong><\/p>\n\n\n<div class=\"wp-block-image is-style-rounded\">\n<figure class=\"aligncenter size-large is-resized\"><img loading=\"lazy\" decoding=\"async\" width=\"1024\" height=\"654\" src=\"https:\/\/ayutiaf.cluster100.hosting.ovh.net\/wp-content\/uploads\/2026\/01\/20260128_1004392-1024x654.jpg\" alt=\"\" class=\"wp-image-485\" style=\"width:642px;height:auto\" srcset=\"https:\/\/www.assdesas.fr\/wp-content\/uploads\/2026\/01\/20260128_1004392-1024x654.jpg 1024w, https:\/\/www.assdesas.fr\/wp-content\/uploads\/2026\/01\/20260128_1004392-300x192.jpg 300w, https:\/\/www.assdesas.fr\/wp-content\/uploads\/2026\/01\/20260128_1004392-768x491.jpg 768w, https:\/\/www.assdesas.fr\/wp-content\/uploads\/2026\/01\/20260128_1004392-1536x981.jpg 1536w, https:\/\/www.assdesas.fr\/wp-content\/uploads\/2026\/01\/20260128_1004392-2048x1308.jpg 2048w\" sizes=\"auto, (max-width: 1024px) 100vw, 1024px\" \/><\/figure>\n<\/div>\n\n<div class=\"wp-block-image is-style-rounded\">\n<figure class=\"aligncenter size-large is-resized\"><img loading=\"lazy\" decoding=\"async\" width=\"771\" height=\"1024\" src=\"https:\/\/ayutiaf.cluster100.hosting.ovh.net\/wp-content\/uploads\/2026\/01\/Interphone-771x1024.jpg\" alt=\"\" class=\"wp-image-108\" style=\"aspect-ratio:0.7529411764705882;width:210px;height:auto\" srcset=\"https:\/\/www.assdesas.fr\/wp-content\/uploads\/2026\/01\/Interphone-771x1024.jpg 771w, https:\/\/www.assdesas.fr\/wp-content\/uploads\/2026\/01\/Interphone-226x300.jpg 226w, https:\/\/www.assdesas.fr\/wp-content\/uploads\/2026\/01\/Interphone-768x1020.jpg 768w, https:\/\/www.assdesas.fr\/wp-content\/uploads\/2026\/01\/Interphone-1157x1536.jpg 1157w, https:\/\/www.assdesas.fr\/wp-content\/uploads\/2026\/01\/Interphone-1542x2048.jpg 1542w, https:\/\/www.assdesas.fr\/wp-content\/uploads\/2026\/01\/Interphone-scaled.jpg 1928w\" sizes=\"auto, (max-width: 771px) 100vw, 771px\" \/><\/figure>\n<\/div>\n\n\n<div style=\"height:43px\" aria-hidden=\"true\" class=\"wp-block-spacer\"><\/div>\n\n\n\n<h2 class=\"wp-block-heading has-text-align-center\"><strong>Acc\u00e8s :<\/strong><\/h2>\n\n\n\n<p class=\"has-text-align-center\">M\u00e9tro \u00ab\u00a0R\u00e9publique Beaux-Arts\u00a0\u00bb<\/p>\n\n\n\n<p class=\"has-text-align-center\">Pour sonner \u00e0 l&rsquo;interphone, utiliser la fl\u00e8che de gauche pour faire d\u00e9fier jusqu&rsquo;\u00e0 \u00ab\u00a0GEMsA &#8211; Ass des As\u00a0\u00bb, puis appuyer sur la cloche pour sonner.<\/p>\n\n\n\n<div style=\"height:43px\" aria-hidden=\"true\" class=\"wp-block-spacer\"><\/div>\n\n\n\n<p class=\"has-text-align-center\"><strong>Adresse postale si\u00e8ge de l&rsquo;Ass des As<\/strong><strong><br><\/strong>Maison des Associations<br>27, rue Jean Bart<br>59000 Lille<\/p>\n\n\n\n<div style=\"height:26px\" aria-hidden=\"true\" class=\"wp-block-spacer\"><\/div>\n\n\n\n<div class=\"wp-block-group\"><div class=\"wp-block-group__inner-container is-layout-constrained wp-block-group-is-layout-constrained\">\n<div class=\"wp-block-group\"><div class=\"wp-block-group__inner-container is-layout-constrained wp-block-group-is-layout-constrained\">\n<p class=\"has-text-align-center\"><strong>Adresse de notre Habitat Inclusif<\/strong><br><strong>La Cit\u00e9 Anatole<\/strong><br>98, avenue Anatole France<br>59410 Anzin<br>citeanatole.assdesas@gmail.com<\/p>\n<\/div><\/div>\n<\/div><\/div>\n\n\n\n<p><\/p>\n","protected":false},"excerpt":{"rendered":"<p>Pour contacter L\u2019ASS des AS\u2019 Pour contacter le GEMsA ass.des.as@gmail.com06.36.62.91.08 gemsa.contact@gmail.comH\u00e9l\u00e8ne Kowalkowski 07.49.23.51.49Cl\u00e9mence Chardon 07.66.91.14.76 Adresse postale GEMsA et bureau de l&rsquo;Ass des As : 13, place Philippe Lebon59000 Lille Acc\u00e8s : M\u00e9tro \u00ab\u00a0R\u00e9publique Beaux-Arts\u00a0\u00bb&hellip;<\/p>\n","protected":false},"author":2,"featured_media":0,"parent":0,"menu_order":0,"comment_status":"closed","ping_status":"closed","template":"","meta":{"footnotes":""},"class_list":["post-44","page","type-page","status-publish","hentry"],"_links":{"self":[{"href":"https:\/\/www.assdesas.fr\/wp-json\/wp\/v2\/pages\/44","targetHints":{"allow":["GET"]}}],"collection":[{"href":"https:\/\/www.assdesas.fr\/wp-json\/wp\/v2\/pages"}],"about":[{"href":"https:\/\/www.assdesas.fr\/wp-json\/wp\/v2\/types\/page"}],"author":[{"embeddable":true,"href":"https:\/\/www.assdesas.fr\/wp-json\/wp\/v2\/users\/2"}],"replies":[{"embeddable":true,"href":"https:\/\/www.assdesas.fr\/wp-json\/wp\/v2\/comments?post=44"}],"version-history":[{"count":21,"href":"https:\/\/www.assdesas.fr\/wp-json\/wp\/v2\/pages\/44\/revisions"}],"predecessor-version":[{"id":664,"href":"https:\/\/www.assdesas.fr\/wp-json\/wp\/v2\/pages\/44\/revisions\/664"}],"wp:attachment":[{"href":"https:\/\/www.assdesas.fr\/wp-json\/wp\/v2\/media?parent=44"}],"curies":[{"name":"wp","href":"https:\/\/api.w.org\/{rel}","templated":true}]}}